{"id":117,"date":"2015-05-09T14:36:58","date_gmt":"2015-05-09T13:36:58","guid":{"rendered":"http:\/\/lindemann.rammstein.nl\/?page_id=117"},"modified":"2022-01-02T10:51:17","modified_gmt":"2022-01-02T09:51:17","slug":"singles","status":"publish","type":"page","link":"https:\/\/lindemann.rammstein.nl\/?page_id=117","title":{"rendered":"Singles"},"content":{"rendered":"\n<div class=\"wp-block-image\"><figure class=\"alignleft is-resized\"><img loading=\"lazy\" decoding=\"async\" src=\"https:\/\/rammwiki.net\/w\/images\/thumb\/e\/e4\/Iwen-singleuncensored.jpg\/600px-Iwen-singleuncensored.jpg\" alt=\"\" class=\"wp-image-235\" width=\"350\" height=\"350\"\/><\/figure><\/div>\n\n\n\n<p><strong>Ich wei\u00df es nicht (+Knebel):<\/strong><br><br>Release: Oktober 18, 2019<\/p>\n\n\n\n<p>1. Ich wei\u00df es nicht<br>2. Ich wei\u00df es nicht (Ministry Remix) <br>3. Knebel (* Only on CD)<br><br>Order here:<br>* CD: <a href=\"https:\/\/www.lindemann-shop.com\/en\/merchandise\/Visuals-Sounds\/lindemann-single-cd-ich-weiss-es-nichtknebel.html\">lindemann-shop.com<\/a><br>* Vinyl: <a href=\"https:\/\/www.lindemann-shop.com\/en\/merchandise\/Visuals-Sounds\/lindemann-7-vinyl-ich-weiss-es-nicht.html\">lindemann-shop.com<\/a><br>* Digital: <a href=\"https:\/\/music.apple.com\/nl\/album\/ich-wei%C3%9F-es-nicht-ministry-remix\/1482796211?i=1482796216\" target=\"_blank\" rel=\"noreferrer noopener\" aria-label=\" (opent in een nieuwe tab)\">iTunes<\/a> <\/p>\n\n\n\n<p>Check out the official &#8220;Ich wei\u00df es nicht&#8221; video <a href=\"https:\/\/www.youtube.com\/watch?v=obY4c9aqUqs\">HERE<\/a><\/p>\n\n\n\n<p>Check out the official &#8220;Knebel&#8221; video <a href=\"https:\/\/www.youtube.com\/watch?v=p64X_5GX0J8\">HERE<\/a><br><em>Video was officially released on november 1 2019 in a uncensored version on <a href=\"http:\/\/www.knebel-video.com\" target=\"_blank\" rel=\"noreferrer noopener\" aria-label=\"www.knebel-video.com (opent in een nieuwe tab)\">www.knebel-video.com<\/a><\/em><\/p>\n\n\n\n<hr class=\"wp-block-separator\"\/>\n\n\n\n<div class=\"wp-block-image\"><figure class=\"alignleft is-resized\"><img loading=\"lazy\" decoding=\"async\" src=\"https:\/\/rammwiki.net\/w\/images\/thumb\/8\/80\/StehAufSingle.jpg\/600px-StehAufSingle.jpg\" alt=\"\" class=\"wp-image-235\" width=\"350\" height=\"350\"\/><\/figure><\/div>\n\n\n\n<p><strong>Steh Auf:<\/strong><br><br>Release: September 13, 2019<\/p>\n\n\n\n<p>1. Steh Auf<br>2.  Steh auf (Trivium Remix) <br><br>Order here:<br>* CD: <a href=\"https:\/\/www.lindemann-shop.com\/en\/merchandise\/Visuals-Sounds\/lindemann-single-cd-steh-auf.html\" target=\"_blank\" rel=\"noreferrer noopener\" aria-label=\" (opent in een nieuwe tab)\">lindemann-shop.com<\/a><br>* Vinyl: <a rel=\"noreferrer noopener\" aria-label=\" (opent in een nieuwe tab)\" href=\"https:\/\/www.lindemann-shop.com\/en\/merchandise\/Visuals-Sounds\/lindemann-7-vinyl-steh-auf.html\" target=\"_blank\">lindemann-shop.com<\/a><br>* Digital: <a href=\"https:\/\/music.apple.com\/nl\/album\/steh-auf-trivium-remix\/1478341588?i=1478341590\">iTunes<\/a> <\/p>\n\n\n\n<p>Check out the official video <a href=\"https:\/\/www.youtube.com\/watch?v=hiOjK992bPU\">HERE<\/a><\/p>\n\n\n\n<hr class=\"wp-block-separator\"\/>\n\n\n\n<div class=\"wp-block-image\"><figure class=\"alignleft is-resized\"><img loading=\"lazy\" decoding=\"async\" src=\"https:\/\/i.imgur.com\/ofaVsxh.jpg\" alt=\"\" class=\"wp-image-235\" width=\"350\" height=\"350\"\/><\/figure><\/div>\n\n\n\n<p><strong>Mathematik ft. Haftbefehl:<\/strong><br><br>Release: December 19, 2018<\/p>\n\n\n\n<p>1. Mathematik &#8211; A19<br>2. Mathematik Sture Mix<br>3. Mathematik &#8211; Remix (A4)<br>4. Mathematik &#8211; Benson Remix<br><br>Order here:<br>* CD: <a href=\"https:\/\/shop.rammstein.de\/en\/catalog\/solo-projects\/LINDEMANN\/lindemann-maxi-single-mathematik.html\">Shop.Rammstein.de<\/a><br>* Vinyl: <a href=\"https:\/\/shop.rammstein.de\/en\/catalog\/solo-projects\/LINDEMANN\/lindemann-7-vinyl-mathematik.html\">Shop.Rammstein.de<\/a><br>* Digital: <a href=\"https:\/\/itunes.apple.com\/nl\/album\/mathematik-feat-haftbefehl-ep\/1445840207\">iTunes<\/a>\n<\/p>\n\n\n\n<p>Check out the official video <a href=\"https:\/\/www.youtube.com\/watch?v=0YEZiDtnbdA\">HERE<\/a><\/p>\n\n\n\n<hr class=\"wp-block-separator\"\/>\n\n\n\n<div class=\"wp-block-image\"><figure class=\"alignleft is-resized\"><img loading=\"lazy\" decoding=\"async\" src=\"https:\/\/lindemann.rammstein.nl\/wp-content\/uploads\/2015\/05\/10612646_512177938948390_513620311209484946_n-300x300.jpg\" alt=\"\" class=\"wp-image-235\" width=\"350\" height=\"350\"\/><\/figure><\/div>\n\n\n\n<p><strong>Fish On:<\/strong><br><br>Release: October&nbsp;09, 2015<\/p>\n\n\n\n<p>1. Fish On<br>2. G-Spot Michael<br>3. Praise Abort (Drago Baotic Smooth Version)<br><br>Order here:<br>* CD: <a href=\"https:\/\/shop.rammstein.de\/en\/catalog\/LINDEMANN\/Single-Lindemann-Fish-on.html\">Shop.Rammstein.de<\/a><\/p>\n\n\n\n<p>Check out the official video <a href=\"https:\/\/www.youtube.com\/watch?v=eciZWNdkGqs\">HERE<\/a><br> Find the official &#8220;Making Of&#8221; <a href=\"https:\/\/www.youtube.com\/watch?v=tMPVTM_jsKA\">HERE<\/a><\/p>\n\n\n\n<hr class=\"wp-block-separator\"\/>\n\n\n\n<div class=\"wp-block-image\"><figure class=\"alignleft is-resized\"><img loading=\"lazy\" decoding=\"async\" src=\"https:\/\/lindemann.rammstein.nl\/wp-content\/uploads\/2015\/05\/11115586_969041786463650_8083353212936176977_n.jpg\" alt=\"\" class=\"wp-image-235\" width=\"350\" height=\"350\"\/><\/figure><\/div>\n\n\n\n<p><strong>Praise Abort:<\/strong><br><br>Release: May 29, 2015<\/p>\n\n\n\n<p>1. Praise Abort<br>\n2. Praise Abort (Clemens Wijers Remix)<br>\n3. Praise Abort (Ostblockschlampen Remix)<br>\n4. Praise Abort (Hedberg &amp; Larsson Remix)<br>\n5. Fat (Jonas Kjellgren Remix)<br>\n6. Fat (Oliver Huntemann Electronica Mix)<\/p>\n\n\n\n<p>Pre-order here:<br>\n* Digital: <a href=\"https:\/\/itunes.apple.com\/de\/album\/praise-abort-remixes-ep\/id992422564\" target=\"_blank\" rel=\"noreferrer noopener\">iTunes<\/a><br>\n* CD: <a href=\"http:\/\/www.amazon.de\/Praise-Abort-Lindemann\/dp\/B00XB6UQOU\/\" target=\"_blank\" rel=\"noreferrer noopener\">Amazon.de<\/a><\/p>\n\n\n\n<p>Check out the official video <a href=\"https:\/\/www.youtube.com\/watch?v=QWE_M0CX9So\">HERE<\/a><br> Find the official &#8220;Making Of&#8221; <a href=\"https:\/\/www.youtube.com\/watch?v=ppoDzdd6qss\">HERE<\/a><\/p>\n","protected":false},"excerpt":{"rendered":"<p>Ich wei\u00df es nicht (+Knebel): Release: Oktober 18, 2019 1. Ich wei\u00df es nicht2. Ich wei\u00df es nicht (Ministry Remix) 3. Knebel (* Only on CD) Order here:* CD: lindemann-shop.com*<\/p>\n<p class=\"more-link\"><a class=\"button\" href=\"https:\/\/lindemann.rammstein.nl\/?page_id=117\" class=\"readmore\">Lees verder<span class=\"screen-reader-text\">Singles<\/span><\/a><\/p>\n","protected":false},"author":2,"featured_media":0,"parent":432,"menu_order":0,"comment_status":"closed","ping_status":"closed","template":"","meta":{"footnotes":"","_links_to":"","_links_to_target":""},"class_list":["post-117","page","type-page","status-publish","hentry"],"_links":{"self":[{"href":"https:\/\/lindemann.rammstein.nl\/index.php?rest_route=\/wp\/v2\/pages\/117","targetHints":{"allow":["GET"]}}],"collection":[{"href":"https:\/\/lindemann.rammstein.nl\/index.php?rest_route=\/wp\/v2\/pages"}],"about":[{"href":"https:\/\/lindemann.rammstein.nl\/index.php?rest_route=\/wp\/v2\/types\/page"}],"author":[{"embeddable":true,"href":"https:\/\/lindemann.rammstein.nl\/index.php?rest_route=\/wp\/v2\/users\/2"}],"replies":[{"embeddable":true,"href":"https:\/\/lindemann.rammstein.nl\/index.php?rest_route=%2Fwp%2Fv2%2Fcomments&post=117"}],"version-history":[{"count":37,"href":"https:\/\/lindemann.rammstein.nl\/index.php?rest_route=\/wp\/v2\/pages\/117\/revisions"}],"predecessor-version":[{"id":357,"href":"https:\/\/lindemann.rammstein.nl\/index.php?rest_route=\/wp\/v2\/pages\/117\/revisions\/357"}],"up":[{"embeddable":true,"href":"https:\/\/lindemann.rammstein.nl\/index.php?rest_route=\/wp\/v2\/pages\/432"}],"wp:attachment":[{"href":"https:\/\/lindemann.rammstein.nl\/index.php?rest_route=%2Fwp%2Fv2%2Fmedia&parent=117"}],"curies":[{"name":"wp","href":"https:\/\/api.w.org\/{rel}","templated":true}]}}